{"id":861,"date":"2020-07-09T14:39:10","date_gmt":"2020-07-09T14:39:10","guid":{"rendered":"https:\/\/cirqsantrick.com\/?page_id=861"},"modified":"2020-09-09T17:22:33","modified_gmt":"2020-09-09T17:22:33","slug":"accueil","status":"publish","type":"page","link":"https:\/\/cirqsantrick.com\/","title":{"rendered":"Accueil"},"content":{"rendered":"\t\t<div data-elementor-type=\"wp-page\" data-elementor-id=\"861\" class=\"elementor elementor-861\" data-elementor-settings=\"[]\">\n\t\t\t<div class=\"elementor-inner\">\n\t\t\t\t<div class=\"elementor-section-wrap\">\n\t\t\t\t\t\t\t<section class=\"elementor-element elementor-element-601ff6d elementor-section-boxed elementor-section-height-default elementor-section-height-default elementor-section elementor-top-section\" data-id=\"601ff6d\" data-element_type=\"section\" data-settings=\"{&quot;background_background&quot;:&quot;classic&quot;}\">\n\t\t\t\t\t\t<div class=\"elementor-container elementor-column-gap-default\">\n\t\t\t\t<div class=\"elementor-row\">\n\t\t\t\t<div class=\"elementor-element elementor-element-50790a9c elementor-column elementor-col-20 elementor-top-column\" data-id=\"50790a9c\" data-element_type=\"column\">\n\t\t\t<div class=\"elementor-column-wrap  elementor-element-populated\">\n\t\t\t\t\t<div class=\"elementor-widget-wrap\">\n\t\t\t\t<div class=\"elementor-element elementor-element-4deaef6e elementor-widget elementor-widget-image\" data-id=\"4deaef6e\" data-element_type=\"widget\" data-widget_type=\"image.default\">\n\t\t\t\t<div class=\"elementor-widget-container\">\n\t\t\t\t\t<div class=\"elementor-image\">\n\t\t\t\t\t\t\t\t\t\t\t<a href=\"http:\/\/www.cirqsantrick.com\">\n\t\t\t\t\t\t\t<img loading=\"lazy\" decoding=\"async\" width=\"287\" height=\"287\" src=\"https:\/\/cirqsantrick.com\/wp-content\/uploads\/2020\/06\/LogoCirqsantrick.jpg\" class=\"attachment-medium size-medium\" alt=\"\" srcset=\"https:\/\/cirqsantrick.com\/wp-content\/uploads\/2020\/06\/LogoCirqsantrick.jpg 287w, https:\/\/cirqsantrick.com\/wp-content\/uploads\/2020\/06\/LogoCirqsantrick-100x100.jpg 100w, https:\/\/cirqsantrick.com\/wp-content\/uploads\/2020\/06\/LogoCirqsantrick-150x150.jpg 150w\" sizes=\"auto, (max-width: 287px) 100vw, 287px\" \/>\t\t\t\t\t\t\t\t<\/a>\n\t\t\t\t\t\t\t\t\t\t\t<\/div>\n\t\t\t\t<\/div>\n\t\t\t\t<\/div>\n\t\t\t\t\t\t<\/div>\n\t\t\t<\/div>\n\t\t<\/div>\n\t\t\t\t<div class=\"elementor-element elementor-element-4d232648 elementor-column elementor-col-20 elementor-top-column\" data-id=\"4d232648\" data-element_type=\"column\">\n\t\t\t<div class=\"elementor-column-wrap  elementor-element-populated\">\n\t\t\t\t\t<div class=\"elementor-widget-wrap\">\n\t\t\t\t<div class=\"elementor-element elementor-element-6d3fe0b elementor-widget elementor-widget-heading\" data-id=\"6d3fe0b\" data-element_type=\"widget\" data-widget_type=\"heading.default\">\n\t\t\t\t<div class=\"elementor-widget-container\">\n\t\t\t<h2 class=\"elementor-heading-title elementor-size-default\">CIRQSANTRICK<\/h2>\t\t<\/div>\n\t\t\t\t<\/div>\n\t\t\t\t<div class=\"elementor-element elementor-element-4a12fac8 elementor-widget elementor-widget-heading\" data-id=\"4a12fac8\" data-element_type=\"widget\" data-widget_type=\"heading.default\">\n\t\t\t\t<div class=\"elementor-widget-container\">\n\t\t\t<h2 class=\"elementor-heading-title elementor-size-default\">Information:<\/h2>\t\t<\/div>\n\t\t\t\t<\/div>\n\t\t\t\t<div class=\"elementor-element elementor-element-120e3d88 elementor-widget elementor-widget-text-editor\" data-id=\"120e3d88\" data-element_type=\"widget\" data-widget_type=\"text-editor.default\">\n\t\t\t\t<div class=\"elementor-widget-container\">\n\t\t\t\t\t<div class=\"elementor-text-editor elementor-clearfix\"><p><strong>819-668-0638<\/strong><\/p><\/div>\n\t\t\t\t<\/div>\n\t\t\t\t<\/div>\n\t\t\t\t<div class=\"elementor-element elementor-element-2a2b8e3 elementor-widget elementor-widget-text-editor\" data-id=\"2a2b8e3\" data-element_type=\"widget\" data-widget_type=\"text-editor.default\">\n\t\t\t\t<div class=\"elementor-widget-container\">\n\t\t\t\t\t<div class=\"elementor-text-editor elementor-clearfix\"><p><a href=\"mailto:info@cirqsantrick.com\"><strong>info@cirqsantrick.com<\/strong><\/a><\/p><\/div>\n\t\t\t\t<\/div>\n\t\t\t\t<\/div>\n\t\t\t\t\t\t<\/div>\n\t\t\t<\/div>\n\t\t<\/div>\n\t\t\t\t<div class=\"elementor-element elementor-element-7e69aba7 elementor-column elementor-col-20 elementor-top-column\" data-id=\"7e69aba7\" data-element_type=\"column\">\n\t\t\t<div class=\"elementor-column-wrap\">\n\t\t\t\t\t<div class=\"elementor-widget-wrap\">\n\t\t\t\t\t\t<\/div>\n\t\t\t<\/div>\n\t\t<\/div>\n\t\t\t\t<div class=\"elementor-element elementor-element-7d566081 elementor-column elementor-col-20 elementor-top-column\" data-id=\"7d566081\" data-element_type=\"column\">\n\t\t\t<div class=\"elementor-column-wrap\">\n\t\t\t\t\t<div class=\"elementor-widget-wrap\">\n\t\t\t\t\t\t<\/div>\n\t\t\t<\/div>\n\t\t<\/div>\n\t\t\t\t<div class=\"elementor-element elementor-element-a92de4f elementor-column elementor-col-20 elementor-top-column\" data-id=\"a92de4f\" data-element_type=\"column\">\n\t\t\t<div class=\"elementor-column-wrap\">\n\t\t\t\t\t<div class=\"elementor-widget-wrap\">\n\t\t\t\t\t\t<\/div>\n\t\t\t<\/div>\n\t\t<\/div>\n\t\t\t\t\t\t<\/div>\n\t\t\t<\/div>\n\t\t<\/section>\n\t\t\t\t<section class=\"elementor-element elementor-element-f655fb2 elementor-section-boxed elementor-section-height-default elementor-section-height-default elementor-section elementor-top-section\" data-id=\"f655fb2\" data-element_type=\"section\" data-settings=\"{&quot;background_background&quot;:&quot;classic&quot;}\">\n\t\t\t\t\t\t<div class=\"elementor-container elementor-column-gap-default\">\n\t\t\t\t<div class=\"elementor-row\">\n\t\t\t\t<div class=\"elementor-element elementor-element-f72a552 elementor-column elementor-col-50 elementor-top-column\" data-id=\"f72a552\" data-element_type=\"column\">\n\t\t\t<div class=\"elementor-column-wrap  elementor-element-populated\">\n\t\t\t\t\t<div class=\"elementor-widget-wrap\">\n\t\t\t\t<div class=\"elementor-element elementor-element-c41d24a elementor-widget elementor-widget-image\" data-id=\"c41d24a\" data-element_type=\"widget\" data-widget_type=\"image.default\">\n\t\t\t\t<div class=\"elementor-widget-container\">\n\t\t\t\t\t<div class=\"elementor-image\">\n\t\t\t\t\t\t\t\t\t\t<img loading=\"lazy\" decoding=\"async\" width=\"791\" height=\"1024\" src=\"https:\/\/cirqsantrick.com\/wp-content\/uploads\/2020\/07\/PATCHOUKO_1-compresse\u0301-e\u0301dite\u0301-791x1024.jpg\" class=\"attachment-large size-large\" alt=\"\" srcset=\"https:\/\/cirqsantrick.com\/wp-content\/uploads\/2020\/07\/PATCHOUKO_1-compresse\u0301-e\u0301dite\u0301-791x1024.jpg 791w, https:\/\/cirqsantrick.com\/wp-content\/uploads\/2020\/07\/PATCHOUKO_1-compresse\u0301-e\u0301dite\u0301-600x776.jpg 600w, https:\/\/cirqsantrick.com\/wp-content\/uploads\/2020\/07\/PATCHOUKO_1-compresse\u0301-e\u0301dite\u0301-232x300.jpg 232w, https:\/\/cirqsantrick.com\/wp-content\/uploads\/2020\/07\/PATCHOUKO_1-compresse\u0301-e\u0301dite\u0301-768x994.jpg 768w, https:\/\/cirqsantrick.com\/wp-content\/uploads\/2020\/07\/PATCHOUKO_1-compresse\u0301-e\u0301dite\u0301-1187x1536.jpg 1187w, https:\/\/cirqsantrick.com\/wp-content\/uploads\/2020\/07\/PATCHOUKO_1-compresse\u0301-e\u0301dite\u0301.jpg 1275w\" sizes=\"auto, (max-width: 791px) 100vw, 791px\" \/>\t\t\t\t\t\t\t\t\t\t\t<\/div>\n\t\t\t\t<\/div>\n\t\t\t\t<\/div>\n\t\t\t\t\t\t<\/div>\n\t\t\t<\/div>\n\t\t<\/div>\n\t\t\t\t<div class=\"elementor-element elementor-element-55e7f5a elementor-column elementor-col-50 elementor-top-column\" data-id=\"55e7f5a\" data-element_type=\"column\">\n\t\t\t<div class=\"elementor-column-wrap  elementor-element-populated\">\n\t\t\t\t\t<div class=\"elementor-widget-wrap\">\n\t\t\t\t<div class=\"elementor-element elementor-element-c068d09 elementor-widget elementor-widget-heading\" data-id=\"c068d09\" data-element_type=\"widget\" data-widget_type=\"heading.default\">\n\t\t\t\t<div class=\"elementor-widget-container\">\n\t\t\t<h1 class=\"elementor-heading-title elementor-size-default\">Bienvenue chez Cirqsantrick !<\/h1>\t\t<\/div>\n\t\t\t\t<\/div>\n\t\t\t\t<div class=\"elementor-element elementor-element-2b3af24 elementor-widget elementor-widget-text-editor\" data-id=\"2b3af24\" data-element_type=\"widget\" data-widget_type=\"text-editor.default\">\n\t\t\t\t<div class=\"elementor-widget-container\">\n\t\t\t\t\t<div class=\"elementor-text-editor elementor-clearfix\"><p class=\"font_7\">Patrick Villeneuve et son personnage de Patchouko le jongleur, vous offre par le biais de Cirqsantrick de participer \u00e0 diff\u00e9rentes activit\u00e9s d\u2019animation, que ce soit un spectacle, une animation ambulante ou un atelier de cirque . Nous offrons des activit\u00e9s divertissantes destin\u00e9es \u00e0 une client\u00e8le de tout \u00e2ge.\u00a0 Avec Patchouko vous \u00eates assur\u00e9s de r\u00e9ussir votre \u00e9v\u00e8nement.<\/p><p class=\"font_7\"><span class=\"color_25\">Nous sommes situ\u00e9s dans le Centre-du-Qu\u00e9bec. Patchouko se d\u00e9place facilement dans la r\u00e9gion de Trois-<\/span><span class=\"color_25\">Rivi\u00e8res, Drummondville, Victoriaville<\/span><span class=\"color_25\"> et<\/span><span class=\"color_25\"> \u00e9galement<\/span><span class=\"color_25\"> partout au Qu\u00e9bec.<\/span><\/p><\/div>\n\t\t\t\t<\/div>\n\t\t\t\t<\/div>\n\t\t\t\t\t\t<\/div>\n\t\t\t<\/div>\n\t\t<\/div>\n\t\t\t\t\t\t<\/div>\n\t\t\t<\/div>\n\t\t<\/section>\n\t\t\t\t<section class=\"elementor-element elementor-element-fb13ea7 elementor-section-boxed elementor-section-height-default elementor-section-height-default elementor-section elementor-top-section\" data-id=\"fb13ea7\" data-element_type=\"section\" data-settings=\"{&quot;background_background&quot;:&quot;classic&quot;}\">\n\t\t\t\t\t\t<div class=\"elementor-container elementor-column-gap-default\">\n\t\t\t\t<div class=\"elementor-row\">\n\t\t\t\t<div class=\"elementor-element elementor-element-b92f1d8 elementor-column elementor-col-100 elementor-top-column\" data-id=\"b92f1d8\" data-element_type=\"column\">\n\t\t\t<div class=\"elementor-column-wrap  elementor-element-populated\">\n\t\t\t\t\t<div class=\"elementor-widget-wrap\">\n\t\t\t\t<div class=\"elementor-element elementor-element-81446dc elementor-widget elementor-widget-text-editor\" data-id=\"81446dc\" data-element_type=\"widget\" data-widget_type=\"text-editor.default\">\n\t\t\t\t<div class=\"elementor-widget-container\">\n\t\t\t\t\t<div class=\"elementor-text-editor elementor-clearfix\"><div id=\"WPht2\" class=\"wp2\" title=\"\" data-is-responsive=\"false\" data-display-mode=\"fill\" data-content-padding-horizontal=\"0\" data-content-padding-vertical=\"0\" data-exact-height=\"55\"><h2 id=\"WPht2link\" class=\"wp2link\">Quelques commentaires:<\/h2><\/div><div id=\"WRchTxt3\" class=\"txtNew\" data-packed=\"true\" data-vertical-text=\"false\"><p class=\"font_7\">\u00ab De la part de l&#8217;\u00e9quipe des Communications, nous vous remercions d&#8217;avoir fait de ce No\u00ebl des enfants une r\u00e9ussite. Les gens ont beaucoup appr\u00e9ci\u00e9 l\u2019atelier de jonglerie et son aspect interactif.\u00a0 Un grand merci et Joyeuses f\u00eates!\u00bb\u00bb<br \/>Jean-Benoit Drouin<br \/>Conseiller &#8211; Communications<br \/>MARMEN INC.<br \/>845, rue Berlinguet<br \/>Trois-Rivi\u00e8res (Qu\u00e9bec)\u00a0 G8T 8N9<br \/>__________________<\/p><p class=\"font_7\">\u00ab\u00a0Nous avons appr\u00e9ci\u00e9 la grande diversit\u00e9 ainsi que l\u2019originalit\u00e9 de l\u2019activit\u00e9 d\u2019animation. Nous n\u2019h\u00e9sitons pas \u00e0 recommander les ateliers de cirque de Patrick Villeneuve pour tous les groupes d\u2019\u00e2ge.\u00a0\u00bb<br \/>V\u00e9ronique Drouin<br \/>Adjointe logistique \/ Logistics assistant<br \/>CEPSA Chimie B\u00e9cancour<br \/>__________________<\/p><p class=\"font_7\">Activit\u00e9 de fabrication de b\u00e2ton fleur, les enfants ont ador\u00e9.<br \/><em>Camp de jour de St-Rose Laval Loisirs Artistique\u00a0 Gabriel Gagnon<br \/><\/em><span class=\"color_25\">__________________<br \/><\/span><span class=\"color_25\">Animation r\u00e9ussie au Parc Marguerite-D\u2019Youville<\/span><\/p><p class=\"font_0\"><span class=\"color_25\">\u00ab La journ\u00e9e a d\u00e9but\u00e9 avec le spectacle clownesque de Patchouko de Patrick Villeneuve qui a \u00e9t\u00e9 grandement appr\u00e9ci\u00e9 autant par les petits que les grands. Quelques-uns ont eu la frousse lorsqu\u2019il a d\u00e9montr\u00e9 ses talents de jonglerie avec du feu.<br \/><\/span><span class=\"color_25\">Le Courrier Sud journal de Nicolet -Yamaska<br \/>__________________<br \/><\/span><\/p><\/div><\/div>\n\t\t\t\t<\/div>\n\t\t\t\t<\/div>\n\t\t\t\t\t\t<\/div>\n\t\t\t<\/div>\n\t\t<\/div>\n\t\t\t\t\t\t<\/div>\n\t\t\t<\/div>\n\t\t<\/section>\n\t\t\t\t<section class=\"elementor-element elementor-element-ff254c7 elementor-section-boxed elementor-section-height-default elementor-section-height-default elementor-section elementor-top-section\" data-id=\"ff254c7\" data-element_type=\"section\">\n\t\t\t\t\t\t<div class=\"elementor-container elementor-column-gap-default\">\n\t\t\t\t<div class=\"elementor-row\">\n\t\t\t\t<div class=\"elementor-element elementor-element-828783f elementor-column elementor-col-50 elementor-top-column\" data-id=\"828783f\" data-element_type=\"column\">\n\t\t\t<div class=\"elementor-column-wrap\">\n\t\t\t\t\t<div class=\"elementor-widget-wrap\">\n\t\t\t\t\t\t<\/div>\n\t\t\t<\/div>\n\t\t<\/div>\n\t\t\t\t<div class=\"elementor-element elementor-element-3eea327 elementor-column elementor-col-50 elementor-top-column\" data-id=\"3eea327\" data-element_type=\"column\">\n\t\t\t<div class=\"elementor-column-wrap\">\n\t\t\t\t\t<div class=\"elementor-widget-wrap\">\n\t\t\t\t\t\t<\/div>\n\t\t\t<\/div>\n\t\t<\/div>\n\t\t\t\t\t\t<\/div>\n\t\t\t<\/div>\n\t\t<\/section>\n\t\t\t\t\t\t<\/div>\n\t\t\t<\/div>\n\t\t<\/div>\n\t\t","protected":false},"excerpt":{"rendered":"<p>CIRQSANTRICK Information: 819-668-0638 info@cirqsantrick.com Bienvenue chez Cirqsantrick ! Patrick Villeneuve et son personnage de Patchouko le jongleur, vous offre par le biais de Cirqsantrick de participer \u00e0 diff\u00e9rentes activit\u00e9s d\u2019animation, que ce soit un spectacle, une animation ambulante ou un atelier de cirque . Nous offrons des activit\u00e9s divertissantes destin\u00e9es \u00e0 une client\u00e8le de tout [&hellip;]<\/p>\n","protected":false},"author":1,"featured_media":0,"parent":0,"menu_order":0,"comment_status":"closed","ping_status":"closed","template":"","meta":{"footnotes":""},"class_list":["post-861","page","type-page","status-publish","hentry","entry","owp-thumbs-layout-horizontal","owp-btn-normal","owp-tabs-layout-horizontal","has-no-thumbnails"],"_links":{"self":[{"href":"https:\/\/cirqsantrick.com\/index.php\/wp-json\/wp\/v2\/pages\/861","targetHints":{"allow":["GET"]}}],"collection":[{"href":"https:\/\/cirqsantrick.com\/index.php\/wp-json\/wp\/v2\/pages"}],"about":[{"href":"https:\/\/cirqsantrick.com\/index.php\/wp-json\/wp\/v2\/types\/page"}],"author":[{"embeddable":true,"href":"https:\/\/cirqsantrick.com\/index.php\/wp-json\/wp\/v2\/users\/1"}],"replies":[{"embeddable":true,"href":"https:\/\/cirqsantrick.com\/index.php\/wp-json\/wp\/v2\/comments?post=861"}],"version-history":[{"count":30,"href":"https:\/\/cirqsantrick.com\/index.php\/wp-json\/wp\/v2\/pages\/861\/revisions"}],"predecessor-version":[{"id":1538,"href":"https:\/\/cirqsantrick.com\/index.php\/wp-json\/wp\/v2\/pages\/861\/revisions\/1538"}],"wp:attachment":[{"href":"https:\/\/cirqsantrick.com\/index.php\/wp-json\/wp\/v2\/media?parent=861"}],"curies":[{"name":"wp","href":"https:\/\/api.w.org\/{rel}","templated":true}]}}