{"id":867,"date":"2020-07-09T14:44:25","date_gmt":"2020-07-09T14:44:25","guid":{"rendered":"https:\/\/cirqsantrick.com\/?page_id=867"},"modified":"2020-09-09T17:13:37","modified_gmt":"2020-09-09T17:13:37","slug":"festivals-evenements","status":"publish","type":"page","link":"https:\/\/cirqsantrick.com\/index.php\/festivals-evenements\/","title":{"rendered":"Festivals \/ \u00c9v\u00e9nements"},"content":{"rendered":"\t\t<div data-elementor-type=\"wp-page\" data-elementor-id=\"867\" class=\"elementor elementor-867\" data-elementor-settings=\"[]\">\n\t\t\t<div class=\"elementor-inner\">\n\t\t\t\t<div class=\"elementor-section-wrap\">\n\t\t\t\t\t\t\t<section class=\"elementor-element elementor-element-19d625a6 elementor-section-boxed elementor-section-height-default elementor-section-height-default elementor-section elementor-top-section\" data-id=\"19d625a6\" data-element_type=\"section\" data-settings=\"{&quot;background_background&quot;:&quot;classic&quot;}\">\n\t\t\t\t\t\t<div class=\"elementor-container elementor-column-gap-default\">\n\t\t\t\t<div class=\"elementor-row\">\n\t\t\t\t<div class=\"elementor-element elementor-element-674d7faf elementor-column elementor-col-20 elementor-top-column\" data-id=\"674d7faf\" data-element_type=\"column\">\n\t\t\t<div class=\"elementor-column-wrap\">\n\t\t\t\t\t<div class=\"elementor-widget-wrap\">\n\t\t\t\t\t\t<\/div>\n\t\t\t<\/div>\n\t\t<\/div>\n\t\t\t\t<div class=\"elementor-element elementor-element-a19ce9e elementor-column elementor-col-20 elementor-top-column\" data-id=\"a19ce9e\" data-element_type=\"column\">\n\t\t\t<div class=\"elementor-column-wrap  elementor-element-populated\">\n\t\t\t\t\t<div class=\"elementor-widget-wrap\">\n\t\t\t\t<div class=\"elementor-element elementor-element-484979ef elementor-widget elementor-widget-image\" data-id=\"484979ef\" data-element_type=\"widget\" data-widget_type=\"image.default\">\n\t\t\t\t<div class=\"elementor-widget-container\">\n\t\t\t\t\t<div class=\"elementor-image\">\n\t\t\t\t\t\t\t\t\t\t<img loading=\"lazy\" decoding=\"async\" width=\"150\" height=\"150\" src=\"https:\/\/cirqsantrick.com\/wp-content\/uploads\/2020\/06\/Capture-de\u0301cran-2020-07-08-18.20.29-150x150.png\" class=\"attachment-thumbnail size-thumbnail\" alt=\"\" srcset=\"https:\/\/cirqsantrick.com\/wp-content\/uploads\/2020\/06\/Capture-de\u0301cran-2020-07-08-18.20.29-150x150.png 150w, https:\/\/cirqsantrick.com\/wp-content\/uploads\/2020\/06\/Capture-de\u0301cran-2020-07-08-18.20.29-100x100.png 100w\" sizes=\"auto, (max-width: 150px) 100vw, 150px\" \/>\t\t\t\t\t\t\t\t\t\t\t<\/div>\n\t\t\t\t<\/div>\n\t\t\t\t<\/div>\n\t\t\t\t\t\t<\/div>\n\t\t\t<\/div>\n\t\t<\/div>\n\t\t\t\t<div class=\"elementor-element elementor-element-2ce9f60f elementor-column elementor-col-20 elementor-top-column\" data-id=\"2ce9f60f\" data-element_type=\"column\">\n\t\t\t<div class=\"elementor-column-wrap  elementor-element-populated\">\n\t\t\t\t\t<div class=\"elementor-widget-wrap\">\n\t\t\t\t<div class=\"elementor-element elementor-element-19099390 elementor-widget elementor-widget-heading\" data-id=\"19099390\" data-element_type=\"widget\" data-widget_type=\"heading.default\">\n\t\t\t\t<div class=\"elementor-widget-container\">\n\t\t\t<h1 class=\"elementor-heading-title elementor-size-default\">CIRQSANTRICK<\/h1>\t\t<\/div>\n\t\t\t\t<\/div>\n\t\t\t\t<div class=\"elementor-element elementor-element-beeb629 elementor-widget elementor-widget-heading\" data-id=\"beeb629\" data-element_type=\"widget\" data-widget_type=\"heading.default\">\n\t\t\t\t<div class=\"elementor-widget-container\">\n\t\t\t<h1 class=\"elementor-heading-title elementor-size-default\">Information:<\/h1>\t\t<\/div>\n\t\t\t\t<\/div>\n\t\t\t\t<div class=\"elementor-element elementor-element-a9c4267 elementor-widget elementor-widget-text-editor\" data-id=\"a9c4267\" data-element_type=\"widget\" data-widget_type=\"text-editor.default\">\n\t\t\t\t<div class=\"elementor-widget-container\">\n\t\t\t\t\t<div class=\"elementor-text-editor elementor-clearfix\"><p><strong>819-668-0638<\/strong><\/p><\/div>\n\t\t\t\t<\/div>\n\t\t\t\t<\/div>\n\t\t\t\t<div class=\"elementor-element elementor-element-8c16d11 elementor-widget elementor-widget-text-editor\" data-id=\"8c16d11\" data-element_type=\"widget\" data-widget_type=\"text-editor.default\">\n\t\t\t\t<div class=\"elementor-widget-container\">\n\t\t\t\t\t<div class=\"elementor-text-editor elementor-clearfix\"><p><strong><a href=\"mailto:info@cirqsantrick.com\">info@cirqsantrick.com<\/a><\/strong><\/p><\/div>\n\t\t\t\t<\/div>\n\t\t\t\t<\/div>\n\t\t\t\t\t\t<\/div>\n\t\t\t<\/div>\n\t\t<\/div>\n\t\t\t\t<div class=\"elementor-element elementor-element-43a83c24 elementor-column elementor-col-20 elementor-top-column\" data-id=\"43a83c24\" data-element_type=\"column\">\n\t\t\t<div class=\"elementor-column-wrap  elementor-element-populated\">\n\t\t\t\t\t<div class=\"elementor-widget-wrap\">\n\t\t\t\t<div class=\"elementor-element elementor-element-7daee85f elementor-widget elementor-widget-image\" data-id=\"7daee85f\" data-element_type=\"widget\" data-widget_type=\"image.default\">\n\t\t\t\t<div class=\"elementor-widget-container\">\n\t\t\t\t\t<div class=\"elementor-image\">\n\t\t\t\t\t\t\t\t\t\t\t<a href=\"http:\/\/www.cirqsantrick.com\">\n\t\t\t\t\t\t\t<img loading=\"lazy\" decoding=\"async\" width=\"287\" height=\"287\" src=\"https:\/\/cirqsantrick.com\/wp-content\/uploads\/2020\/06\/LogoCirqsantrick.jpg\" class=\"attachment-medium size-medium\" alt=\"\" srcset=\"https:\/\/cirqsantrick.com\/wp-content\/uploads\/2020\/06\/LogoCirqsantrick.jpg 287w, https:\/\/cirqsantrick.com\/wp-content\/uploads\/2020\/06\/LogoCirqsantrick-100x100.jpg 100w, https:\/\/cirqsantrick.com\/wp-content\/uploads\/2020\/06\/LogoCirqsantrick-150x150.jpg 150w\" sizes=\"auto, (max-width: 287px) 100vw, 287px\" \/>\t\t\t\t\t\t\t\t<\/a>\n\t\t\t\t\t\t\t\t\t\t\t<\/div>\n\t\t\t\t<\/div>\n\t\t\t\t<\/div>\n\t\t\t\t\t\t<\/div>\n\t\t\t<\/div>\n\t\t<\/div>\n\t\t\t\t<div class=\"elementor-element elementor-element-1df4096f elementor-column elementor-col-20 elementor-top-column\" data-id=\"1df4096f\" data-element_type=\"column\">\n\t\t\t<div class=\"elementor-column-wrap\">\n\t\t\t\t\t<div class=\"elementor-widget-wrap\">\n\t\t\t\t\t\t<\/div>\n\t\t\t<\/div>\n\t\t<\/div>\n\t\t\t\t\t\t<\/div>\n\t\t\t<\/div>\n\t\t<\/section>\n\t\t\t\t<section class=\"elementor-element elementor-element-96eac74 elementor-section-boxed elementor-section-height-default elementor-section-height-default elementor-section elementor-top-section\" data-id=\"96eac74\" data-element_type=\"section\" data-settings=\"{&quot;background_background&quot;:&quot;classic&quot;}\">\n\t\t\t\t\t\t<div class=\"elementor-container elementor-column-gap-default\">\n\t\t\t\t<div class=\"elementor-row\">\n\t\t\t\t<div class=\"elementor-element elementor-element-c8641a5 elementor-column elementor-col-100 elementor-top-column\" data-id=\"c8641a5\" data-element_type=\"column\">\n\t\t\t<div class=\"elementor-column-wrap  elementor-element-populated\">\n\t\t\t\t\t<div class=\"elementor-widget-wrap\">\n\t\t\t\t<div class=\"elementor-element elementor-element-fa7d1ab elementor-widget elementor-widget-text-editor\" data-id=\"fa7d1ab\" data-element_type=\"widget\" data-widget_type=\"text-editor.default\">\n\t\t\t\t<div class=\"elementor-widget-container\">\n\t\t\t\t\t<div class=\"elementor-text-editor elementor-clearfix\"><div id=\"WRchTxtq\" class=\"txtNew\" data-packed=\"false\" data-vertical-text=\"false\"><p class=\"font_2\"><span class=\"color_25\">Je vous propose de choisir parmi les activit\u00e9s suivantes afin de cr\u00e9er une journ\u00e9e personnalis\u00e9e selon vos attentes et vos besoins. Pour chaque concept les activit\u00e9s sont ajust\u00e9es en fonction de l\u2019\u00e2ge des participants et du nombre d\u2019enfants. <\/span><\/p><\/div><\/div>\n\t\t\t\t<\/div>\n\t\t\t\t<\/div>\n\t\t\t\t\t\t<\/div>\n\t\t\t<\/div>\n\t\t<\/div>\n\t\t\t\t\t\t<\/div>\n\t\t\t<\/div>\n\t\t<\/section>\n\t\t\t\t<section class=\"elementor-element elementor-element-5c312a6 elementor-section-boxed elementor-section-height-default elementor-section-height-default elementor-section elementor-top-section\" data-id=\"5c312a6\" data-element_type=\"section\" data-settings=\"{&quot;background_background&quot;:&quot;classic&quot;}\">\n\t\t\t\t\t\t<div class=\"elementor-container elementor-column-gap-default\">\n\t\t\t\t<div class=\"elementor-row\">\n\t\t\t\t<div class=\"elementor-element elementor-element-35d4042 elementor-column elementor-col-50 elementor-top-column\" data-id=\"35d4042\" data-element_type=\"column\">\n\t\t\t<div class=\"elementor-column-wrap  elementor-element-populated\">\n\t\t\t\t\t<div class=\"elementor-widget-wrap\">\n\t\t\t\t<div class=\"elementor-element elementor-element-73c9e3c elementor-widget elementor-widget-image\" data-id=\"73c9e3c\" data-element_type=\"widget\" data-widget_type=\"image.default\">\n\t\t\t\t<div class=\"elementor-widget-container\">\n\t\t\t\t\t<div class=\"elementor-image\">\n\t\t\t\t\t\t\t\t\t\t<img loading=\"lazy\" decoding=\"async\" width=\"238\" height=\"262\" src=\"https:\/\/cirqsantrick.com\/wp-content\/uploads\/2020\/07\/Animation.png\" class=\"attachment-large size-large\" alt=\"\" \/>\t\t\t\t\t\t\t\t\t\t\t<\/div>\n\t\t\t\t<\/div>\n\t\t\t\t<\/div>\n\t\t\t\t\t\t<\/div>\n\t\t\t<\/div>\n\t\t<\/div>\n\t\t\t\t<div class=\"elementor-element elementor-element-0da597e elementor-column elementor-col-50 elementor-top-column\" data-id=\"0da597e\" data-element_type=\"column\">\n\t\t\t<div class=\"elementor-column-wrap  elementor-element-populated\">\n\t\t\t\t\t<div class=\"elementor-widget-wrap\">\n\t\t\t\t<div class=\"elementor-element elementor-element-a179b69 elementor-widget elementor-widget-text-editor\" data-id=\"a179b69\" data-element_type=\"widget\" data-widget_type=\"text-editor.default\">\n\t\t\t\t<div class=\"elementor-widget-container\">\n\t\t\t\t\t<div class=\"elementor-text-editor elementor-clearfix\"><div id=\"WRchTxtr\" class=\"txtNew\" data-packed=\"false\" data-vertical-text=\"false\"><p class=\"font_5\"><strong>ANIMATIONS AMBULANTES<br \/><\/strong><\/p><p>Dans le cadre d\u2019un \u00e9v\u00e8nement, tel une f\u00eate ou un festival, Patchouko d\u00e9ambule dans la foule en faisant tournoyer son b\u00e2ton fleur et \u00e9tourdit les spectateurs par ses prouesses.<\/p><p>Divers \u00e9quipements de jonglerie peuvent s\u2019ajouter \u00e0 cette animation ambulante selon le temps de la prestation. Le personnage se d\u00e9place sur le lieu de l\u2019\u00e9v\u00e8nement. C\u2019est lui qui va vers le public d\u2019un groupe \u00e0 l\u2019autre.<\/p><\/div><\/div>\n\t\t\t\t<\/div>\n\t\t\t\t<\/div>\n\t\t\t\t\t\t<\/div>\n\t\t\t<\/div>\n\t\t<\/div>\n\t\t\t\t\t\t<\/div>\n\t\t\t<\/div>\n\t\t<\/section>\n\t\t\t\t<section class=\"elementor-element elementor-element-f8365e5 elementor-section-boxed elementor-section-height-default elementor-section-height-default elementor-section elementor-top-section\" data-id=\"f8365e5\" data-element_type=\"section\" data-settings=\"{&quot;background_background&quot;:&quot;classic&quot;}\">\n\t\t\t\t\t\t<div class=\"elementor-container elementor-column-gap-default\">\n\t\t\t\t<div class=\"elementor-row\">\n\t\t\t\t<div class=\"elementor-element elementor-element-80a3795 elementor-column elementor-col-50 elementor-top-column\" data-id=\"80a3795\" data-element_type=\"column\">\n\t\t\t<div class=\"elementor-column-wrap  elementor-element-populated\">\n\t\t\t\t\t<div class=\"elementor-widget-wrap\">\n\t\t\t\t<div class=\"elementor-element elementor-element-b240185 elementor-widget elementor-widget-image\" data-id=\"b240185\" data-element_type=\"widget\" data-widget_type=\"image.default\">\n\t\t\t\t<div class=\"elementor-widget-container\">\n\t\t\t\t\t<div class=\"elementor-image\">\n\t\t\t\t\t\t\t\t\t\t<img loading=\"lazy\" decoding=\"async\" width=\"1275\" height=\"1650\" src=\"https:\/\/cirqsantrick.com\/wp-content\/uploads\/2020\/07\/PATCHOUKO_1-compresse\u0301-e\u0301dite\u0301.jpg\" class=\"attachment-full size-full\" alt=\"\" srcset=\"https:\/\/cirqsantrick.com\/wp-content\/uploads\/2020\/07\/PATCHOUKO_1-compresse\u0301-e\u0301dite\u0301.jpg 1275w, https:\/\/cirqsantrick.com\/wp-content\/uploads\/2020\/07\/PATCHOUKO_1-compresse\u0301-e\u0301dite\u0301-600x776.jpg 600w, https:\/\/cirqsantrick.com\/wp-content\/uploads\/2020\/07\/PATCHOUKO_1-compresse\u0301-e\u0301dite\u0301-232x300.jpg 232w, https:\/\/cirqsantrick.com\/wp-content\/uploads\/2020\/07\/PATCHOUKO_1-compresse\u0301-e\u0301dite\u0301-791x1024.jpg 791w, https:\/\/cirqsantrick.com\/wp-content\/uploads\/2020\/07\/PATCHOUKO_1-compresse\u0301-e\u0301dite\u0301-768x994.jpg 768w, https:\/\/cirqsantrick.com\/wp-content\/uploads\/2020\/07\/PATCHOUKO_1-compresse\u0301-e\u0301dite\u0301-1187x1536.jpg 1187w\" sizes=\"auto, (max-width: 1275px) 100vw, 1275px\" \/>\t\t\t\t\t\t\t\t\t\t\t<\/div>\n\t\t\t\t<\/div>\n\t\t\t\t<\/div>\n\t\t\t\t\t\t<\/div>\n\t\t\t<\/div>\n\t\t<\/div>\n\t\t\t\t<div class=\"elementor-element elementor-element-2a00efe elementor-column elementor-col-50 elementor-top-column\" data-id=\"2a00efe\" data-element_type=\"column\">\n\t\t\t<div class=\"elementor-column-wrap  elementor-element-populated\">\n\t\t\t\t\t<div class=\"elementor-widget-wrap\">\n\t\t\t\t<div class=\"elementor-element elementor-element-fdc2095 elementor-widget elementor-widget-text-editor\" data-id=\"fdc2095\" data-element_type=\"widget\" data-widget_type=\"text-editor.default\">\n\t\t\t\t<div class=\"elementor-widget-container\">\n\t\t\t\t\t<div class=\"elementor-text-editor elementor-clearfix\"><p class=\"font_5\"><strong>SPECTACLE DE PATCHOUKO<\/strong><\/p><p class=\"font_5\">Un spectacle haut en couleur et en performance. Patchouko amusera les petits et impressionnera les grands avec une grande vari\u00e9t\u00e9 de num\u00e9ros de jonglerie.<\/p><p class=\"font_5\">Il raconte des histoires mettant en vedette un diabolo qui devient la Tour Eiffel, un cow-boy, etc. Il effectue un jeu de d\u00e9fis avec des b\u00e2tons fleurs, fait virevolter les assiettes chinoises,\u00a0 jongle avec des couteaux, etc.\u00a0<\/p><p class=\"font_5\">Les num\u00e9ros sont musicaux et requi\u00e8rent la participation du public. La finale est spectaculaire avec des torches de feu.<\/p><\/div>\n\t\t\t\t<\/div>\n\t\t\t\t<\/div>\n\t\t\t\t\t\t<\/div>\n\t\t\t<\/div>\n\t\t<\/div>\n\t\t\t\t\t\t<\/div>\n\t\t\t<\/div>\n\t\t<\/section>\n\t\t\t\t<section class=\"elementor-element elementor-element-eb1c7fa elementor-section-boxed elementor-section-height-default elementor-section-height-default elementor-section elementor-top-section\" data-id=\"eb1c7fa\" data-element_type=\"section\" data-settings=\"{&quot;background_background&quot;:&quot;classic&quot;}\">\n\t\t\t\t\t\t<div class=\"elementor-container elementor-column-gap-default\">\n\t\t\t\t<div class=\"elementor-row\">\n\t\t\t\t<div class=\"elementor-element elementor-element-424b2ba elementor-column elementor-col-50 elementor-top-column\" data-id=\"424b2ba\" data-element_type=\"column\">\n\t\t\t<div class=\"elementor-column-wrap  elementor-element-populated\">\n\t\t\t\t\t<div class=\"elementor-widget-wrap\">\n\t\t\t\t<div class=\"elementor-element elementor-element-26e1e0c elementor-widget elementor-widget-image\" data-id=\"26e1e0c\" data-element_type=\"widget\" data-widget_type=\"image.default\">\n\t\t\t\t<div class=\"elementor-widget-container\">\n\t\t\t\t\t<div class=\"elementor-image\">\n\t\t\t\t\t\t\t\t\t\t<img loading=\"lazy\" decoding=\"async\" width=\"238\" height=\"242\" src=\"https:\/\/cirqsantrick.com\/wp-content\/uploads\/2020\/07\/Ateleirs.png\" class=\"attachment-2048x2048 size-2048x2048\" alt=\"\" \/>\t\t\t\t\t\t\t\t\t\t\t<\/div>\n\t\t\t\t<\/div>\n\t\t\t\t<\/div>\n\t\t\t\t\t\t<\/div>\n\t\t\t<\/div>\n\t\t<\/div>\n\t\t\t\t<div class=\"elementor-element elementor-element-807d673 elementor-column elementor-col-50 elementor-top-column\" data-id=\"807d673\" data-element_type=\"column\">\n\t\t\t<div class=\"elementor-column-wrap  elementor-element-populated\">\n\t\t\t\t\t<div class=\"elementor-widget-wrap\">\n\t\t\t\t<div class=\"elementor-element elementor-element-d7b9bd6 elementor-widget elementor-widget-text-editor\" data-id=\"d7b9bd6\" data-element_type=\"widget\" data-widget_type=\"text-editor.default\">\n\t\t\t\t<div class=\"elementor-widget-container\">\n\t\t\t\t\t<div class=\"elementor-text-editor elementor-clearfix\"><p class=\"font_7\"><strong>ATELIERS DE CIRQUE, UNE ACTIVIT\u00c9 POUR TOUS<\/strong><\/p><p class=\"font_7\">L&#8217;atelier se d\u00e9roule sur le terrain de votre choix. Tous les visiteurs, adultes et enfants sont invit\u00e9s \u00e0 participer \u00e0 l&#8217;exploration des arts du cirque.\u00a0 L&#8217;atelier a comme objectif de donner le go\u00fbt aux participants de pratiquer la jonglerie et les arts du cirque en leur faisant toucher une ou quelques disciplines en peu de temps.<\/p><p class=\"font_7\">Imaginer de 20 \u00e0 50 personnes jouant du b\u00e2ton fleur, jonglant avec des balles, marchant sur un fil de fer ou faisant du diabolo tous en m\u00eame temps.<\/p><\/div>\n\t\t\t\t<\/div>\n\t\t\t\t<\/div>\n\t\t\t\t\t\t<\/div>\n\t\t\t<\/div>\n\t\t<\/div>\n\t\t\t\t\t\t<\/div>\n\t\t\t<\/div>\n\t\t<\/section>\n\t\t\t\t<section class=\"elementor-element elementor-element-648dd2e elementor-section-boxed elementor-section-height-default elementor-section-height-default elementor-section elementor-top-section\" data-id=\"648dd2e\" data-element_type=\"section\" data-settings=\"{&quot;background_background&quot;:&quot;classic&quot;}\">\n\t\t\t\t\t\t<div class=\"elementor-container elementor-column-gap-default\">\n\t\t\t\t<div class=\"elementor-row\">\n\t\t\t\t<div class=\"elementor-element elementor-element-46a4175 elementor-column elementor-col-50 elementor-top-column\" data-id=\"46a4175\" data-element_type=\"column\">\n\t\t\t<div class=\"elementor-column-wrap  elementor-element-populated\">\n\t\t\t\t\t<div class=\"elementor-widget-wrap\">\n\t\t\t\t<div class=\"elementor-element elementor-element-0e452cf elementor-widget elementor-widget-image\" data-id=\"0e452cf\" data-element_type=\"widget\" data-widget_type=\"image.default\">\n\t\t\t\t<div class=\"elementor-widget-container\">\n\t\t\t\t\t<div class=\"elementor-image\">\n\t\t\t\t\t\t\t\t\t\t<img loading=\"lazy\" decoding=\"async\" width=\"768\" height=\"1024\" src=\"https:\/\/cirqsantrick.com\/wp-content\/uploads\/2020\/09\/PV-Ballons_2-768x1024.jpg\" class=\"attachment-large size-large\" alt=\"\" srcset=\"https:\/\/cirqsantrick.com\/wp-content\/uploads\/2020\/09\/PV-Ballons_2-768x1024.jpg 768w, https:\/\/cirqsantrick.com\/wp-content\/uploads\/2020\/09\/PV-Ballons_2-225x300.jpg 225w, https:\/\/cirqsantrick.com\/wp-content\/uploads\/2020\/09\/PV-Ballons_2-1152x1536.jpg 1152w, https:\/\/cirqsantrick.com\/wp-content\/uploads\/2020\/09\/PV-Ballons_2-600x800.jpg 600w, https:\/\/cirqsantrick.com\/wp-content\/uploads\/2020\/09\/PV-Ballons_2.jpg 1250w\" sizes=\"auto, (max-width: 768px) 100vw, 768px\" \/>\t\t\t\t\t\t\t\t\t\t\t<\/div>\n\t\t\t\t<\/div>\n\t\t\t\t<\/div>\n\t\t\t\t\t\t<\/div>\n\t\t\t<\/div>\n\t\t<\/div>\n\t\t\t\t<div class=\"elementor-element elementor-element-9c9574a elementor-column elementor-col-50 elementor-top-column\" data-id=\"9c9574a\" data-element_type=\"column\">\n\t\t\t<div class=\"elementor-column-wrap  elementor-element-populated\">\n\t\t\t\t\t<div class=\"elementor-widget-wrap\">\n\t\t\t\t<div class=\"elementor-element elementor-element-06bd808 elementor-widget elementor-widget-text-editor\" data-id=\"06bd808\" data-element_type=\"widget\" data-widget_type=\"text-editor.default\">\n\t\t\t\t<div class=\"elementor-widget-container\">\n\t\t\t\t\t<div class=\"elementor-text-editor elementor-clearfix\"><div id=\"WRchTxtx\" class=\"txtNew\" data-packed=\"false\" data-vertical-text=\"false\"><h5 class=\"font_5\"><strong>SCULPTEUR DE BALLONS<\/strong><\/h5><p class=\"font_5\">Avec des ballons de formes et de couleurs vari\u00e9es, Patchouko sculpte diff\u00e9rents objets : des chapeaux, des animaux, des fleurs, etc. Que ce soit avec un ou plusieurs ballons, il fera la joie des enfants \u00e0 l\u2019aide de sa pompe magique et de sa rapidit\u00e9 d\u2019ex\u00e9cution. Il\u00a0 comblera les enfants en un rien de temps.<\/p><\/div><\/div>\n\t\t\t\t<\/div>\n\t\t\t\t<\/div>\n\t\t\t\t\t\t<\/div>\n\t\t\t<\/div>\n\t\t<\/div>\n\t\t\t\t\t\t<\/div>\n\t\t\t<\/div>\n\t\t<\/section>\n\t\t\t\t\t\t<\/div>\n\t\t\t<\/div>\n\t\t<\/div>\n\t\t","protected":false},"excerpt":{"rendered":"<p>CIRQSANTRICK Information: 819-668-0638 info@cirqsantrick.com Je vous propose de choisir parmi les activit\u00e9s suivantes afin de cr\u00e9er une journ\u00e9e personnalis\u00e9e selon vos attentes et vos besoins. Pour chaque concept les activit\u00e9s sont ajust\u00e9es en fonction de l\u2019\u00e2ge des participants et du nombre d\u2019enfants. ANIMATIONS AMBULANTES Dans le cadre d\u2019un \u00e9v\u00e8nement, tel une f\u00eate ou un festival, [&hellip;]<\/p>\n","protected":false},"author":1,"featured_media":0,"parent":0,"menu_order":0,"comment_status":"closed","ping_status":"closed","template":"","meta":{"footnotes":""},"class_list":["post-867","page","type-page","status-publish","hentry","entry","owp-thumbs-layout-horizontal","owp-btn-normal","owp-tabs-layout-horizontal","has-no-thumbnails"],"_links":{"self":[{"href":"https:\/\/cirqsantrick.com\/index.php\/wp-json\/wp\/v2\/pages\/867","targetHints":{"allow":["GET"]}}],"collection":[{"href":"https:\/\/cirqsantrick.com\/index.php\/wp-json\/wp\/v2\/pages"}],"about":[{"href":"https:\/\/cirqsantrick.com\/index.php\/wp-json\/wp\/v2\/types\/page"}],"author":[{"embeddable":true,"href":"https:\/\/cirqsantrick.com\/index.php\/wp-json\/wp\/v2\/users\/1"}],"replies":[{"embeddable":true,"href":"https:\/\/cirqsantrick.com\/index.php\/wp-json\/wp\/v2\/comments?post=867"}],"version-history":[{"count":21,"href":"https:\/\/cirqsantrick.com\/index.php\/wp-json\/wp\/v2\/pages\/867\/revisions"}],"predecessor-version":[{"id":1534,"href":"https:\/\/cirqsantrick.com\/index.php\/wp-json\/wp\/v2\/pages\/867\/revisions\/1534"}],"wp:attachment":[{"href":"https:\/\/cirqsantrick.com\/index.php\/wp-json\/wp\/v2\/media?parent=867"}],"curies":[{"name":"wp","href":"https:\/\/api.w.org\/{rel}","templated":true}]}}